{"id":4007,"date":"2024-11-26T16:55:12","date_gmt":"2024-11-26T13:55:12","guid":{"rendered":"https:\/\/lemienjewelry.com\/?post_type=product&#038;p=4007"},"modified":"2024-12-09T22:44:41","modified_gmt":"2024-12-09T19:44:41","slug":"kolye-30","status":"publish","type":"product","link":"https:\/\/lemienjewelry.com\/?product=kolye-30","title":{"rendered":"Gold Burgu \u00c7elik Kolye 45 Cm"},"content":{"rendered":"","protected":false},"excerpt":{"rendered":"<div class=\"flex justify-between items-center\"><span class=\"title\">\u00dcr\u00fcn A\u00e7\u0131klamas\u0131<\/span><\/div>\n<div class=\"tab-content\">\n<ul>\n<li>Kolye Uzunlu\u011fu: 45 cm<\/li>\n<li>Materyal: 316L Cerrahi \u00c7elik<\/li>\n<li>Renk: Gold (Alt\u0131n)<\/li>\n<li>\u00dcr\u00fcn\u00fcm\u00fcz Nikel, Kadmiyum, Kur\u015fun gibi kanserojen maddeler i\u00e7ermez.<\/li>\n<li>Premium kalite 316L Cerrahi \u00c7elikten \u00fcretilmi\u015ftir.<\/li>\n<li>Antialerjiktir. Tende k\u0131zar\u0131kl\u0131k, yara, ka\u015f\u0131nt\u0131 yapmaz.<\/li>\n<li>G\u00fcnl\u00fck kullan\u0131ma uygundur.<\/li>\n<li>Uzun s\u00fcre kullan\u0131m i\u00e7in, dinlendirilerek kullan\u0131lmas\u0131 \u00f6nerilir.<\/li>\n<li>Kullan\u0131lmad\u0131\u011f\u0131 zamanlarda kuru, temiz ve nemsiz yerlerde saklanmal\u0131d\u0131r.<\/li>\n<li>Ayr\u0131ca do\u011frudan g\u00fcne\u015f \u0131\u015f\u0131\u011f\u0131na maruz b\u0131rak\u0131lmamal\u0131d\u0131r.<\/li>\n<\/ul>\n<\/div>\n","protected":false},"featured_media":4008,"template":"","meta":[],"product_brand":[],"product_cat":[105],"product_tag":[104,100,106],"class_list":{"0":"post-4007","1":"product","2":"type-product","3":"status-publish","4":"has-post-thumbnail","6":"product_cat-kolye","7":"product_tag-aksesuar","8":"product_tag-dugun","9":"product_tag-kolye","12":"instock","13":"taxable","14":"shipping-taxable","15":"purchasable","16":"product-type-simple"},"_links":{"self":[{"href":"https:\/\/lemienjewelry.com\/index.php?rest_route=\/wp\/v2\/product\/4007","targetHints":{"allow":["GET"]}}],"collection":[{"href":"https:\/\/lemienjewelry.com\/index.php?rest_route=\/wp\/v2\/product"}],"about":[{"href":"https:\/\/lemienjewelry.com\/index.php?rest_route=\/wp\/v2\/types\/product"}],"version-history":[{"count":3,"href":"https:\/\/lemienjewelry.com\/index.php?rest_route=\/wp\/v2\/product\/4007\/revisions"}],"predecessor-version":[{"id":4371,"href":"https:\/\/lemienjewelry.com\/index.php?rest_route=\/wp\/v2\/product\/4007\/revisions\/4371"}],"wp:featuredmedia":[{"embeddable":true,"href":"https:\/\/lemienjewelry.com\/index.php?rest_route=\/wp\/v2\/media\/4008"}],"wp:attachment":[{"href":"https:\/\/lemienjewelry.com\/index.php?rest_route=%2Fwp%2Fv2%2Fmedia&parent=4007"}],"wp:term":[{"taxonomy":"product_brand","embeddable":true,"href":"https:\/\/lemienjewelry.com\/index.php?rest_route=%2Fwp%2Fv2%2Fproduct_brand&post=4007"},{"taxonomy":"product_cat","embeddable":true,"href":"https:\/\/lemienjewelry.com\/index.php?rest_route=%2Fwp%2Fv2%2Fproduct_cat&post=4007"},{"taxonomy":"product_tag","embeddable":true,"href":"https:\/\/lemienjewelry.com\/index.php?rest_route=%2Fwp%2Fv2%2Fproduct_tag&post=4007"}],"curies":[{"name":"wp","href":"https:\/\/api.w.org\/{rel}","templated":true}]}}