{"id":3931,"date":"2024-11-26T16:21:54","date_gmt":"2024-11-26T13:21:54","guid":{"rendered":"https:\/\/lemienjewelry.com\/?post_type=product&#038;p=3931"},"modified":"2024-12-09T22:45:56","modified_gmt":"2024-12-09T19:45:56","slug":"kolye-7","status":"publish","type":"product","link":"https:\/\/lemienjewelry.com\/?product=kolye-7","title":{"rendered":"Gold Minimal Zincir Zirkon Y\u0131ld\u0131z G\u00f6m\u00fcl\u00fc Ta\u015f Luxury Kolye"},"content":{"rendered":"","protected":false},"excerpt":{"rendered":"<div class=\"flex justify-between items-center\"><span class=\"title\">\u00dcr\u00fcn A\u00e7\u0131klamas\u0131<\/span><\/div>\n<ul>\n<li class=\"tab-content\">Kolye Uzunlu\u011fu: 45 cm<\/li>\n<li class=\"tab-content\">Materyal: \u00c7elik- Renk: Gold (Alt\u0131n)<\/li>\n<li class=\"tab-content\">Premium Kalite 316L Cerrahi \u00c7elik Malzemeden \u00dcretilmi\u015ftir<\/li>\n<li class=\"tab-content\">Antialerjiktir. Tende K\u0131zar\u0131kl\u0131k, Yara, Ka\u015f\u0131nt\u0131 Yapmaz<\/li>\n<li class=\"tab-content\">G\u00fcnl\u00fck Kullan\u0131ma Uygundur<\/li>\n<\/ul>\n","protected":false},"featured_media":3932,"template":"","meta":[],"product_brand":[],"product_cat":[105],"product_tag":[104,100,106],"class_list":{"0":"post-3931","1":"product","2":"type-product","3":"status-publish","4":"has-post-thumbnail","6":"product_cat-kolye","7":"product_tag-aksesuar","8":"product_tag-dugun","9":"product_tag-kolye","12":"instock","13":"taxable","14":"shipping-taxable","15":"purchasable","16":"product-type-simple"},"_links":{"self":[{"href":"https:\/\/lemienjewelry.com\/index.php?rest_route=\/wp\/v2\/product\/3931","targetHints":{"allow":["GET"]}}],"collection":[{"href":"https:\/\/lemienjewelry.com\/index.php?rest_route=\/wp\/v2\/product"}],"about":[{"href":"https:\/\/lemienjewelry.com\/index.php?rest_route=\/wp\/v2\/types\/product"}],"version-history":[{"count":4,"href":"https:\/\/lemienjewelry.com\/index.php?rest_route=\/wp\/v2\/product\/3931\/revisions"}],"predecessor-version":[{"id":4378,"href":"https:\/\/lemienjewelry.com\/index.php?rest_route=\/wp\/v2\/product\/3931\/revisions\/4378"}],"wp:featuredmedia":[{"embeddable":true,"href":"https:\/\/lemienjewelry.com\/index.php?rest_route=\/wp\/v2\/media\/3932"}],"wp:attachment":[{"href":"https:\/\/lemienjewelry.com\/index.php?rest_route=%2Fwp%2Fv2%2Fmedia&parent=3931"}],"wp:term":[{"taxonomy":"product_brand","embeddable":true,"href":"https:\/\/lemienjewelry.com\/index.php?rest_route=%2Fwp%2Fv2%2Fproduct_brand&post=3931"},{"taxonomy":"product_cat","embeddable":true,"href":"https:\/\/lemienjewelry.com\/index.php?rest_route=%2Fwp%2Fv2%2Fproduct_cat&post=3931"},{"taxonomy":"product_tag","embeddable":true,"href":"https:\/\/lemienjewelry.com\/index.php?rest_route=%2Fwp%2Fv2%2Fproduct_tag&post=3931"}],"curies":[{"name":"wp","href":"https:\/\/api.w.org\/{rel}","templated":true}]}}