{"id":3881,"date":"2024-11-26T16:01:53","date_gmt":"2024-11-26T13:01:53","guid":{"rendered":"https:\/\/lemienjewelry.com\/?post_type=product&#038;p=3881"},"modified":"2024-12-09T21:18:38","modified_gmt":"2024-12-09T18:18:38","slug":"bileklik-15","status":"publish","type":"product","link":"https:\/\/lemienjewelry.com\/?product=bileklik-15","title":{"rendered":"Silver Simli Yaprak Detay \u00c7elik\u00a0Kelep\u00e7e"},"content":{"rendered":"","protected":false},"excerpt":{"rendered":"<div class=\"flex justify-between items-center\"><span class=\"title\">\u00dcr\u00fcn A\u00e7\u0131klamas\u0131<\/span><\/div>\n<div class=\"tab-content\">\n<ul>\n<li>\u00dcr\u00fcn\u00fcm\u00fcz Nikel, Kadmiyum, Kur\u015fun gibi kanserojen maddeler i\u00e7ermez.<\/li>\n<li>Premium kalite 316L Cerrahi \u00c7elik &#8216;ten \u00fcretilmi\u015ftir.<\/li>\n<li>Antialerjiktir. Tende k\u0131zar\u0131kl\u0131k, yara, ka\u015f\u0131nt\u0131 yapmaz.<\/li>\n<li>G\u00fcnl\u00fck kullan\u0131ma uygundur. Uzun s\u00fcre kullan\u0131m i\u00e7in, dinlendirilerek kullan\u0131lmas\u0131 \u00f6nerilir.<\/li>\n<li>Kullan\u0131lmad\u0131\u011f\u0131 zamanlarda kuru, temiz ve nemsiz yerlerde saklanmal\u0131d\u0131r. Ayr\u0131ca do\u011frudan g\u00fcne\u015f \u0131\u015f\u0131\u011f\u0131na maruz b\u0131rak\u0131lmamal\u0131d\u0131r.<\/li>\n<\/ul>\n<\/div>\n","protected":false},"featured_media":3882,"template":"","meta":[],"product_brand":[],"product_cat":[101],"product_tag":[104,103],"class_list":{"0":"post-3881","1":"product","2":"type-product","3":"status-publish","4":"has-post-thumbnail","6":"product_cat-bileklik","7":"product_tag-aksesuar","8":"product_tag-bileklik","11":"instock","12":"taxable","13":"shipping-taxable","14":"purchasable","15":"product-type-simple"},"_links":{"self":[{"href":"https:\/\/lemienjewelry.com\/index.php?rest_route=\/wp\/v2\/product\/3881","targetHints":{"allow":["GET"]}}],"collection":[{"href":"https:\/\/lemienjewelry.com\/index.php?rest_route=\/wp\/v2\/product"}],"about":[{"href":"https:\/\/lemienjewelry.com\/index.php?rest_route=\/wp\/v2\/types\/product"}],"version-history":[{"count":2,"href":"https:\/\/lemienjewelry.com\/index.php?rest_route=\/wp\/v2\/product\/3881\/revisions"}],"predecessor-version":[{"id":4310,"href":"https:\/\/lemienjewelry.com\/index.php?rest_route=\/wp\/v2\/product\/3881\/revisions\/4310"}],"wp:featuredmedia":[{"embeddable":true,"href":"https:\/\/lemienjewelry.com\/index.php?rest_route=\/wp\/v2\/media\/3882"}],"wp:attachment":[{"href":"https:\/\/lemienjewelry.com\/index.php?rest_route=%2Fwp%2Fv2%2Fmedia&parent=3881"}],"wp:term":[{"taxonomy":"product_brand","embeddable":true,"href":"https:\/\/lemienjewelry.com\/index.php?rest_route=%2Fwp%2Fv2%2Fproduct_brand&post=3881"},{"taxonomy":"product_cat","embeddable":true,"href":"https:\/\/lemienjewelry.com\/index.php?rest_route=%2Fwp%2Fv2%2Fproduct_cat&post=3881"},{"taxonomy":"product_tag","embeddable":true,"href":"https:\/\/lemienjewelry.com\/index.php?rest_route=%2Fwp%2Fv2%2Fproduct_tag&post=3881"}],"curies":[{"name":"wp","href":"https:\/\/api.w.org\/{rel}","templated":true}]}}