{"id":3875,"date":"2024-11-26T16:00:07","date_gmt":"2024-11-26T13:00:07","guid":{"rendered":"https:\/\/lemienjewelry.com\/?post_type=product&#038;p=3875"},"modified":"2024-12-09T22:46:42","modified_gmt":"2024-12-09T19:46:42","slug":"bileklik-13","status":"publish","type":"product","link":"https:\/\/lemienjewelry.com\/?product=bileklik-13","title":{"rendered":"Oyma Roma Rakaml\u0131 Gold \u00c7elik Kelep\u00e7e Bileklik"},"content":{"rendered":"","protected":false},"excerpt":{"rendered":"<div class=\"flex justify-between items-center\"><span class=\"title\">\u00dcr\u00fcn A\u00e7\u0131klamas\u0131<\/span><\/div>\n<ul>\n<li class=\"tab-content\">Bilek Etraf\u0131 \u00d6l\u00e7\u00fcs\u00fc: 19 cm<\/li>\n<li class=\"tab-content\">Materyal: \u00c7elik<\/li>\n<li class=\"tab-content\">Detay: Zirkon Ta\u015f- Renk: Gold (Alt\u0131n)<\/li>\n<li class=\"tab-content\">Kal\u0131n Bilekler \u0130\u00e7in Uygun De\u011fildir<\/li>\n<li class=\"tab-content\">Premium Kalite 316L Cerrahi \u00c7elik Malzemeden \u00dcretilmi\u015ftir<\/li>\n<li class=\"tab-content\">Antialerjiktir. Tende K\u0131zar\u0131kl\u0131k, Yara, Ka\u015f\u0131nt\u0131 Yapmaz<\/li>\n<\/ul>\n","protected":false},"featured_media":3876,"template":"","meta":[],"product_brand":[],"product_cat":[101],"product_tag":[104,103],"class_list":{"0":"post-3875","1":"product","2":"type-product","3":"status-publish","4":"has-post-thumbnail","6":"product_cat-bileklik","7":"product_tag-aksesuar","8":"product_tag-bileklik","11":"instock","12":"taxable","13":"shipping-taxable","14":"purchasable","15":"product-type-simple"},"_links":{"self":[{"href":"https:\/\/lemienjewelry.com\/index.php?rest_route=\/wp\/v2\/product\/3875","targetHints":{"allow":["GET"]}}],"collection":[{"href":"https:\/\/lemienjewelry.com\/index.php?rest_route=\/wp\/v2\/product"}],"about":[{"href":"https:\/\/lemienjewelry.com\/index.php?rest_route=\/wp\/v2\/types\/product"}],"version-history":[{"count":4,"href":"https:\/\/lemienjewelry.com\/index.php?rest_route=\/wp\/v2\/product\/3875\/revisions"}],"predecessor-version":[{"id":4383,"href":"https:\/\/lemienjewelry.com\/index.php?rest_route=\/wp\/v2\/product\/3875\/revisions\/4383"}],"wp:featuredmedia":[{"embeddable":true,"href":"https:\/\/lemienjewelry.com\/index.php?rest_route=\/wp\/v2\/media\/3876"}],"wp:attachment":[{"href":"https:\/\/lemienjewelry.com\/index.php?rest_route=%2Fwp%2Fv2%2Fmedia&parent=3875"}],"wp:term":[{"taxonomy":"product_brand","embeddable":true,"href":"https:\/\/lemienjewelry.com\/index.php?rest_route=%2Fwp%2Fv2%2Fproduct_brand&post=3875"},{"taxonomy":"product_cat","embeddable":true,"href":"https:\/\/lemienjewelry.com\/index.php?rest_route=%2Fwp%2Fv2%2Fproduct_cat&post=3875"},{"taxonomy":"product_tag","embeddable":true,"href":"https:\/\/lemienjewelry.com\/index.php?rest_route=%2Fwp%2Fv2%2Fproduct_tag&post=3875"}],"curies":[{"name":"wp","href":"https:\/\/api.w.org\/{rel}","templated":true}]}}