{"id":3725,"date":"2024-11-26T13:31:49","date_gmt":"2024-11-26T10:31:49","guid":{"rendered":"https:\/\/lemienjewelry.com\/?post_type=product&#038;p=3725"},"modified":"2024-12-09T22:49:42","modified_gmt":"2024-12-09T19:49:42","slug":"kupe-12","status":"publish","type":"product","link":"https:\/\/lemienjewelry.com\/?product=kupe-12","title":{"rendered":"Lazer Kesim Silver Dorica K\u00fcpe"},"content":{"rendered":"","protected":false},"excerpt":{"rendered":"<div class=\"flex justify-between items-center\"><span class=\"title\">\u00dcr\u00fcn A\u00e7\u0131klamas\u0131<\/span><\/div>\n<ul>\n<li class=\"tab-content\">K\u00fcpe Boyu: 2,1 cm<\/li>\n<li class=\"tab-content\">Tek K\u00fcpe A\u011f\u0131rl\u0131\u011f\u0131: 2,3 gr<\/li>\n<li class=\"tab-content\">Materyal: Pirin\u00e7- Kaplama: Rodyum Kaplama<\/li>\n<li class=\"tab-content\">Renk: Silver (G\u00fcm\u00fc\u015f)<\/li>\n<li class=\"tab-content\">Nikel, Kadmiyum, Kur\u015fun Gibi Kanserojen Maddeler \u0130\u00e7ermez.<\/li>\n<li class=\"tab-content\">Antialerjiktir.<\/li>\n<\/ul>\n","protected":false},"featured_media":3726,"template":"","meta":[],"product_brand":[],"product_cat":[42],"product_tag":[100,97,98,99],"class_list":{"0":"post-3725","1":"product","2":"type-product","3":"status-publish","4":"has-post-thumbnail","6":"product_cat-kupeler","7":"product_tag-dugun","8":"product_tag-kupeler","9":"product_tag-mucevher","10":"product_tag-tek-kupe","13":"instock","14":"taxable","15":"shipping-taxable","16":"purchasable","17":"product-type-simple"},"_links":{"self":[{"href":"https:\/\/lemienjewelry.com\/index.php?rest_route=\/wp\/v2\/product\/3725","targetHints":{"allow":["GET"]}}],"collection":[{"href":"https:\/\/lemienjewelry.com\/index.php?rest_route=\/wp\/v2\/product"}],"about":[{"href":"https:\/\/lemienjewelry.com\/index.php?rest_route=\/wp\/v2\/types\/product"}],"version-history":[{"count":4,"href":"https:\/\/lemienjewelry.com\/index.php?rest_route=\/wp\/v2\/product\/3725\/revisions"}],"predecessor-version":[{"id":4399,"href":"https:\/\/lemienjewelry.com\/index.php?rest_route=\/wp\/v2\/product\/3725\/revisions\/4399"}],"wp:featuredmedia":[{"embeddable":true,"href":"https:\/\/lemienjewelry.com\/index.php?rest_route=\/wp\/v2\/media\/3726"}],"wp:attachment":[{"href":"https:\/\/lemienjewelry.com\/index.php?rest_route=%2Fwp%2Fv2%2Fmedia&parent=3725"}],"wp:term":[{"taxonomy":"product_brand","embeddable":true,"href":"https:\/\/lemienjewelry.com\/index.php?rest_route=%2Fwp%2Fv2%2Fproduct_brand&post=3725"},{"taxonomy":"product_cat","embeddable":true,"href":"https:\/\/lemienjewelry.com\/index.php?rest_route=%2Fwp%2Fv2%2Fproduct_cat&post=3725"},{"taxonomy":"product_tag","embeddable":true,"href":"https:\/\/lemienjewelry.com\/index.php?rest_route=%2Fwp%2Fv2%2Fproduct_tag&post=3725"}],"curies":[{"name":"wp","href":"https:\/\/api.w.org\/{rel}","templated":true}]}}