{"id":3716,"date":"2024-11-26T13:28:06","date_gmt":"2024-11-26T10:28:06","guid":{"rendered":"https:\/\/lemienjewelry.com\/?post_type=product&#038;p=3716"},"modified":"2024-12-09T22:50:08","modified_gmt":"2024-12-09T19:50:08","slug":"kupe-9","status":"publish","type":"product","link":"https:\/\/lemienjewelry.com\/?product=kupe-9","title":{"rendered":"Silver Triple Pelo K\u00fcpe"},"content":{"rendered":"","protected":false},"excerpt":{"rendered":"<div class=\"flex justify-between items-center\"><span class=\"title\">\u00dcr\u00fcn A\u00e7\u0131klamas\u0131<\/span><\/div>\n<div class=\"tab-content\">\n<div>\n<ul>\n<li>T\u00fcm tak\u0131lar\u0131m\u0131z nikel, kadmiyum, kur\u015fun gibi kanserojen maddeler i\u00e7ermez.<\/li>\n<li>Pirin\u00e7, d\u00f6k\u00fcm ya da \u00e7elik materyaller kullan\u0131larak \u00fcretilmi\u015ftir.<\/li>\n<li>Antialerjiktir. Tende ka\u015f\u0131nma, alerji, yara ve k\u0131zar\u0131kl\u0131k yapmaz.<\/li>\n<\/ul>\n<\/div>\n<\/div>\n","protected":false},"featured_media":3717,"template":"","meta":[],"product_brand":[],"product_cat":[42],"product_tag":[100,97,98,99],"class_list":{"0":"post-3716","1":"product","2":"type-product","3":"status-publish","4":"has-post-thumbnail","6":"product_cat-kupeler","7":"product_tag-dugun","8":"product_tag-kupeler","9":"product_tag-mucevher","10":"product_tag-tek-kupe","13":"instock","14":"taxable","15":"shipping-taxable","16":"purchasable","17":"product-type-simple"},"_links":{"self":[{"href":"https:\/\/lemienjewelry.com\/index.php?rest_route=\/wp\/v2\/product\/3716","targetHints":{"allow":["GET"]}}],"collection":[{"href":"https:\/\/lemienjewelry.com\/index.php?rest_route=\/wp\/v2\/product"}],"about":[{"href":"https:\/\/lemienjewelry.com\/index.php?rest_route=\/wp\/v2\/types\/product"}],"version-history":[{"count":4,"href":"https:\/\/lemienjewelry.com\/index.php?rest_route=\/wp\/v2\/product\/3716\/revisions"}],"predecessor-version":[{"id":4402,"href":"https:\/\/lemienjewelry.com\/index.php?rest_route=\/wp\/v2\/product\/3716\/revisions\/4402"}],"wp:featuredmedia":[{"embeddable":true,"href":"https:\/\/lemienjewelry.com\/index.php?rest_route=\/wp\/v2\/media\/3717"}],"wp:attachment":[{"href":"https:\/\/lemienjewelry.com\/index.php?rest_route=%2Fwp%2Fv2%2Fmedia&parent=3716"}],"wp:term":[{"taxonomy":"product_brand","embeddable":true,"href":"https:\/\/lemienjewelry.com\/index.php?rest_route=%2Fwp%2Fv2%2Fproduct_brand&post=3716"},{"taxonomy":"product_cat","embeddable":true,"href":"https:\/\/lemienjewelry.com\/index.php?rest_route=%2Fwp%2Fv2%2Fproduct_cat&post=3716"},{"taxonomy":"product_tag","embeddable":true,"href":"https:\/\/lemienjewelry.com\/index.php?rest_route=%2Fwp%2Fv2%2Fproduct_tag&post=3716"}],"curies":[{"name":"wp","href":"https:\/\/api.w.org\/{rel}","templated":true}]}}