{"id":3703,"date":"2024-11-26T13:20:30","date_gmt":"2024-11-26T10:20:30","guid":{"rendered":"https:\/\/lemienjewelry.com\/?post_type=product&#038;p=3703"},"modified":"2024-12-09T22:43:33","modified_gmt":"2024-12-09T19:43:33","slug":"kupe-5","status":"publish","type":"product","link":"https:\/\/lemienjewelry.com\/?product=kupe-5","title":{"rendered":"Silver Shakira Glory K\u00fcpe"},"content":{"rendered":"","protected":false},"excerpt":{"rendered":"<p>\u00dcr\u00fcn A\u00e7\u0131klamas\u0131<\/p>\n<ul>\n<li>K\u00fcpe Boyu: 2,7 cm<\/li>\n<li>K\u00fcpe A\u011f\u0131rl\u0131\u011f\u0131: 2,9 gr<\/li>\n<li>Materyal: Pirin\u00e7 Kaplama: Rodyum Kaplama<\/li>\n<li>Renk: Silver (G\u00fcm\u00fc\u015f)<\/li>\n<li>Nikel, Kadmiyum, Kur\u015fun Gibi Kanserojen Maddeler \u0130\u00e7ermez.<\/li>\n<\/ul>\n","protected":false},"featured_media":3704,"template":"","meta":[],"product_brand":[],"product_cat":[42],"product_tag":[100,97,98,99],"class_list":{"0":"post-3703","1":"product","2":"type-product","3":"status-publish","4":"has-post-thumbnail","6":"product_cat-kupeler","7":"product_tag-dugun","8":"product_tag-kupeler","9":"product_tag-mucevher","10":"product_tag-tek-kupe","13":"instock","14":"taxable","15":"shipping-taxable","16":"purchasable","17":"product-type-simple"},"_links":{"self":[{"href":"https:\/\/lemienjewelry.com\/index.php?rest_route=\/wp\/v2\/product\/3703","targetHints":{"allow":["GET"]}}],"collection":[{"href":"https:\/\/lemienjewelry.com\/index.php?rest_route=\/wp\/v2\/product"}],"about":[{"href":"https:\/\/lemienjewelry.com\/index.php?rest_route=\/wp\/v2\/types\/product"}],"version-history":[{"count":4,"href":"https:\/\/lemienjewelry.com\/index.php?rest_route=\/wp\/v2\/product\/3703\/revisions"}],"predecessor-version":[{"id":4365,"href":"https:\/\/lemienjewelry.com\/index.php?rest_route=\/wp\/v2\/product\/3703\/revisions\/4365"}],"wp:featuredmedia":[{"embeddable":true,"href":"https:\/\/lemienjewelry.com\/index.php?rest_route=\/wp\/v2\/media\/3704"}],"wp:attachment":[{"href":"https:\/\/lemienjewelry.com\/index.php?rest_route=%2Fwp%2Fv2%2Fmedia&parent=3703"}],"wp:term":[{"taxonomy":"product_brand","embeddable":true,"href":"https:\/\/lemienjewelry.com\/index.php?rest_route=%2Fwp%2Fv2%2Fproduct_brand&post=3703"},{"taxonomy":"product_cat","embeddable":true,"href":"https:\/\/lemienjewelry.com\/index.php?rest_route=%2Fwp%2Fv2%2Fproduct_cat&post=3703"},{"taxonomy":"product_tag","embeddable":true,"href":"https:\/\/lemienjewelry.com\/index.php?rest_route=%2Fwp%2Fv2%2Fproduct_tag&post=3703"}],"curies":[{"name":"wp","href":"https:\/\/api.w.org\/{rel}","templated":true}]}}