{"id":3700,"date":"2024-11-26T13:19:29","date_gmt":"2024-11-26T10:19:29","guid":{"rendered":"https:\/\/lemienjewelry.com\/?post_type=product&#038;p=3700"},"modified":"2024-12-09T22:43:41","modified_gmt":"2024-12-09T19:43:41","slug":"kupe-4","status":"publish","type":"product","link":"https:\/\/lemienjewelry.com\/?product=kupe-4","title":{"rendered":"Gold Lazer \u00c7izgi Detay Sanchez \u00c7elik K\u00fcpe"},"content":{"rendered":"","protected":false},"excerpt":{"rendered":"<div class=\"flex justify-between items-center\"><span class=\"title\">\u00dcr\u00fcn A\u00e7\u0131klamas\u0131<\/span><\/div>\n<div class=\"tab-content\">\n<ul>\n<li>\u00dcr\u00fcn\u00fcm\u00fcz Nikel, Kadmiyum, Kur\u015fun gibi kanserojen maddeler i\u00e7ermez.<\/li>\n<li>Premium kalite 316L Cerrahi \u00c7elik &#8216;ten \u00fcretilmi\u015ftir.<\/li>\n<li>Antialerjiktir. Tende k\u0131zar\u0131kl\u0131k, yara, ka\u015f\u0131nt\u0131 yapmaz.<\/li>\n<li>G\u00fcnl\u00fck kullan\u0131ma uygundur. Uzun s\u00fcre kullan\u0131m i\u00e7in, dinlendirilerek kullan\u0131lmas\u0131 \u00f6nerilir.<\/li>\n<li>Kullan\u0131lmad\u0131\u011f\u0131 zamanlarda kuru, temiz ve nemsiz yerlerde saklanmal\u0131d\u0131r. Ayr\u0131ca do\u011frudan g\u00fcne\u015f \u0131\u015f\u0131\u011f\u0131na maruz b\u0131rak\u0131lmamal\u0131d\u0131r.<\/li>\n<\/ul>\n<\/div>\n","protected":false},"featured_media":3701,"template":"","meta":[],"product_brand":[],"product_cat":[42],"product_tag":[100,97,98,99],"class_list":{"0":"post-3700","1":"product","2":"type-product","3":"status-publish","4":"has-post-thumbnail","6":"product_cat-kupeler","7":"product_tag-dugun","8":"product_tag-kupeler","9":"product_tag-mucevher","10":"product_tag-tek-kupe","13":"instock","14":"taxable","15":"shipping-taxable","16":"purchasable","17":"product-type-simple"},"_links":{"self":[{"href":"https:\/\/lemienjewelry.com\/index.php?rest_route=\/wp\/v2\/product\/3700","targetHints":{"allow":["GET"]}}],"collection":[{"href":"https:\/\/lemienjewelry.com\/index.php?rest_route=\/wp\/v2\/product"}],"about":[{"href":"https:\/\/lemienjewelry.com\/index.php?rest_route=\/wp\/v2\/types\/product"}],"version-history":[{"count":4,"href":"https:\/\/lemienjewelry.com\/index.php?rest_route=\/wp\/v2\/product\/3700\/revisions"}],"predecessor-version":[{"id":4366,"href":"https:\/\/lemienjewelry.com\/index.php?rest_route=\/wp\/v2\/product\/3700\/revisions\/4366"}],"wp:featuredmedia":[{"embeddable":true,"href":"https:\/\/lemienjewelry.com\/index.php?rest_route=\/wp\/v2\/media\/3701"}],"wp:attachment":[{"href":"https:\/\/lemienjewelry.com\/index.php?rest_route=%2Fwp%2Fv2%2Fmedia&parent=3700"}],"wp:term":[{"taxonomy":"product_brand","embeddable":true,"href":"https:\/\/lemienjewelry.com\/index.php?rest_route=%2Fwp%2Fv2%2Fproduct_brand&post=3700"},{"taxonomy":"product_cat","embeddable":true,"href":"https:\/\/lemienjewelry.com\/index.php?rest_route=%2Fwp%2Fv2%2Fproduct_cat&post=3700"},{"taxonomy":"product_tag","embeddable":true,"href":"https:\/\/lemienjewelry.com\/index.php?rest_route=%2Fwp%2Fv2%2Fproduct_tag&post=3700"}],"curies":[{"name":"wp","href":"https:\/\/api.w.org\/{rel}","templated":true}]}}