{"id":4092,"date":"2024-11-26T19:18:45","date_gmt":"2024-11-26T16:18:45","guid":{"rendered":"https:\/\/lemienjewelry.com\/?page_id=4092"},"modified":"2024-11-26T19:18:47","modified_gmt":"2024-11-26T16:18:47","slug":"mesafeli-satis-sozlesmesi","status":"publish","type":"page","link":"https:\/\/lemienjewelry.com\/?page_id=4092","title":{"rendered":"Mesafeli Sat\u0131\u015f S\u00f6zle\u015fmesi"},"content":{"rendered":"\n<p><strong>Mesafeli Sat\u0131\u015f S\u00f6zle\u015fmesi<\/strong><\/p>\n\n\n\n<p>\u0130\u015fbu s\u00f6zle\u015fme 13.06.2003 tarih ve 25137 say\u0131l\u0131 Resm\u00ee Gazetede yay\u0131nlanan Mesafeli S\u00f6zle\u015fmeler Uygulama Usul ve Esaslar\u0131 Hakk\u0131nda Y\u00f6netmelik gere\u011fi internet \u00fczerinden ger\u00e7ekle\u015ftiren sat\u0131\u015flar i\u00e7in s\u00f6zle\u015fme yap\u0131lmas\u0131 zorunlulu\u011funa istinaden d\u00fczenlenmi\u015f olup, maddeler halinde a\u015fa\u011f\u0131daki gibidir.<\/p>\n\n\n\n<p><strong>MADDE 1- KONU<\/strong><\/p>\n\n\n\n<p>\u0130\u015fbu s\u00f6zle\u015fmenin konusu, SATICI n\u0131n, ALICI ya sat\u0131\u015f\u0131n\u0131 yapt\u0131\u011f\u0131, a\u015fa\u011f\u0131da nitelikleri ve sat\u0131\u015f fiyat\u0131 belirtilen \u00fcr\u00fcn\u00fcn sat\u0131\u015f\u0131 ve teslimi ile ilgili olarak 4077 say\u0131l\u0131 T\u00fcketicilerin Korunmas\u0131 Hakk\u0131ndaki Kanun-Mesafeli S\u00f6zle\u015fmeleri Uygulama Esas ve Usulleri Hakk\u0131nda Y\u00f6netmelik h\u00fck\u00fcmleri gere\u011fince taraflar\u0131n hak ve y\u00fck\u00fcml\u00fcl\u00fcklerinin kapsamaktad\u0131r.<\/p>\n\n\n\n<p><strong>MADDE 2.1- SATICI B\u0130LG\u0130LER\u0130<\/strong><\/p>\n\n\n\n<p><strong>lemienjewelry.com<\/strong> G\u00fcne\u015ftepe, Fatih caddesi Aldemir sokak No:6, 16130 Osmangazi\u0307\/Bursa <strong>MADDE 2.2- ALICI B\u0130LG\u0130LER\u0130<\/strong><\/p>\n\n\n\n<p>M\u00fc\u015fteri olarak www.lemienjewelry.com al\u0131\u015fveri\u015f sitesine \u00fcye olan ki\u015fi.&nbsp;<\/p>\n\n\n\n<p>\u00dcye olurken kullan\u0131lan adres ve ileti\u015fim bilgileri esas al\u0131n\u0131r.&nbsp;<\/p>\n\n\n\n<p><strong>MADDE 3- S\u00d6ZLE\u015eME KONUSU \u00dcR\u00dcN B\u0130LG\u0130LER\u0130<\/strong><\/p>\n\n\n\n<p>Mal\u0131n \/ \u00dcr\u00fcn\u00fcn \/ Hizmetin t\u00fcr\u00fc, miktar\u0131, marka\/modeli, rengi, adedi, sat\u0131\u015f bedeli, \u00f6deme \u015fekli, sipari\u015fin sonland\u0131\u011f\u0131 andaki bilgilerden olu\u015fmaktad\u0131r.<\/p>\n\n\n\n<p><strong>MADDE 4- GENEL H\u00dcK\u00dcMLER<\/strong><\/p>\n\n\n\n<p>4.1- ALICI, Madde 3\u2019te belirtilen s\u00f6zle\u015fme konusu \u00fcr\u00fcn veya \u00fcr\u00fcnlerin temel nitelikleri, sat\u0131\u015f fiyat\u0131 ve \u00f6deme \u015fekli ile teslimata ili\u015fkin t\u00fcm \u00f6n bilgileri okuyup bilgi sahibi oldu\u011funu ve elektronik ortamda gerekli teyidi verdi\u011fini beyan eder.<\/p>\n\n\n\n<p>4.2- S\u00f6zle\u015fme konusu \u00fcr\u00fcn veya \u00fcr\u00fcnler, yasal 30 g\u00fcnl\u00fck s\u00fcreyi a\u015fmamak ko\u015fulu ile her bir \u00fcr\u00fcn i\u00e7in ALICI n\u0131n yerle\u015fim yerinin uzakl\u0131\u011f\u0131na ba\u011fl\u0131 olarak \u00f6n bilgiler i\u00e7inde a\u00e7\u0131klanan s\u00fcre i\u00e7inde ALICI veya g\u00f6sterdi\u011fi adresteki ki\u015fi\/kurulu\u015fa teslim edilir. Bu s\u00fcre ALICI ya daha \u00f6nce bildirilmek kayd\u0131yla en fazla 10 g\u00fcn daha uzat\u0131labilir.<\/p>\n\n\n\n<p>4.3- S\u00f6zle\u015fme konusu \u00fcr\u00fcn, ALICI dan ba\u015fka bir ki\u015fi\/kurulu\u015fa teslim edilecek ise, teslim edilecek ki\u015fi\/kurulu\u015fun teslimat\u0131 kabul etmemesinden SATICI sorumlu tutulamaz.<\/p>\n\n\n\n<p>4.4- SATICI, s\u00f6zle\u015fme konusu \u00fcr\u00fcn\u00fcn sa\u011flam, eksiksiz, sipari\u015fte belirtilen niteliklere uygun ve varsa garanti belgeleri ve kullan\u0131m k\u0131lavuzlar\u0131 ile teslim edilmesinden sorumludur.<\/p>\n\n\n\n<p>4.5- S\u00f6zle\u015fme konusu \u00fcr\u00fcn\u00fcn teslimat\u0131 i\u00e7in i\u015fbu s\u00f6zle\u015fmenin imzal\u0131 n\u00fcshas\u0131n\u0131n SATICI ya ula\u015ft\u0131r\u0131lm\u0131\u015f olmas\u0131 ve bedelinin ALICI n\u0131n tercih etti\u011fi \u00f6deme \u015fekli ile \u00f6denmi\u015f olmas\u0131 \u015fartt\u0131r. Herhangi bir nedenle \u00fcr\u00fcn bedeli \u00f6denmez veya banka kay\u0131tlar\u0131nda iptal edilir ise, SATICI \u00fcr\u00fcn\u00fcn teslimi y\u00fck\u00fcml\u00fcl\u00fc\u011f\u00fcnden kurtulmu\u015f kabul edilir.<\/p>\n\n\n\n<p>4.6- \u00dcr\u00fcn\u00fcn tesliminden sonra ALICI ya ait kredi kart\u0131n\u0131n ALICI n\u0131n kusurundan kaynaklanmayan bir \u015fekilde yetkisiz ki\u015filerce haks\u0131z veya hukuka ayk\u0131r\u0131 olarak kullan\u0131lmas\u0131 nedeni ile ilgili banka veya finans kurulu\u015fun \u00fcr\u00fcn bedelini SATICI ya \u00f6dememesi halinde, ALICI n\u0131n kendisine teslim edilmi\u015f olmas\u0131 kayd\u0131yla \u00fcr\u00fcn\u00fcn 3 g\u00fcn i\u00e7inde SATICI ya g\u00f6nderilmesi zorunludur. Bu takdirde nakliye giderleri ALICI ya aittir.<\/p>\n\n\n\n<p>4.7- SATICI m\u00fccbir sebepler veya nakliyeyi engelleyen hava muhalefeti, ula\u015f\u0131m\u0131n kesilmesi gibi ola\u011fan\u00fcst\u00fc durumlar nedeni ile s\u00f6zle\u015fme konusu \u00fcr\u00fcn\u00fc s\u00fcresi i\u00e7inde teslim edemez ise, durumu ALICI ya bildirmekle y\u00fck\u00fcml\u00fcd\u00fcr. Bu takdirde ALICI sipari\u015fin iptal edilmesini, s\u00f6zle\u015fme konusu \u00fcr\u00fcn\u00fcn varsa emsali ile de\u011fi\u015ftirilmesini ve\/veya teslimat s\u00fcresinin engelleyici durumun ortadan kalkmas\u0131na kadar ertelenmesi haklar\u0131ndan birini kullanabilir. ALICI n\u0131n sipari\u015fi iptal etmesi halinde \u00f6dedi\u011fi tutar 10 g\u00fcn i\u00e7inde kendisine nakden ve defaten \u00f6denir.<\/p>\n\n\n\n<p>4.9- Garanti belgesi ile sat\u0131lan \u00fcr\u00fcnlerden olan veya olmayan \u00fcr\u00fcnlerin ar\u0131zal\u0131 veya bozuk olanlar, garanti \u015fartlar\u0131 i\u00e7inde gerekli onar\u0131m\u0131n yap\u0131lmas\u0131 i\u00e7in SATICI ya g\u00f6nderilebilir. Bu t\u00fcr g\u00f6nderimlerde (sipari\u015f tarihinden itibaren 15 g\u00fcn i\u00e7inde ise) kargo giderleri SATICI taraf\u0131ndan kar\u015f\u0131lanacakt\u0131r.<\/p>\n\n\n\n<p>4.10- \u0130\u015fbu s\u00f6zle\u015fme, ALICI taraf\u0131ndan okudum kabul ediyorum t\u0131klamas\u0131yla ge\u00e7erli olacakt\u0131r.<\/p>\n\n\n\n<p>4.11- \u0130\u015fbu \u00fcr\u00fcn iade garantisi kapsam\u0131 m\u00fc\u015fteri alm\u0131\u015f oldu\u011fu kutular \/ sipari\u015fler \/ \u00fcr\u00fcnlerde kutular\u0131n tahrip olmam\u0131\u015f etiketleri s\u00f6k\u00fclmemi\u015f, barkot ve kutu \u00fczerindeki etiketlerin okunur olmas\u0131, \u00fcr\u00fcn kutular\u0131n\u0131n taraf\u0131m\u0131za teslim edilememesi, faturan\u0131n bulunmamas\u0131, \u00fcr\u00fcn iadesi veya garanti ko\u015fulunu ge\u00e7ersiz k\u0131lar.<\/p>\n\n\n\n<p><strong>MADDE 5- CAYMA HAKKI<\/strong><\/p>\n\n\n\n<p>Onaylanm\u0131\u015f sipari\u015fleri ortalama 1 saat i\u00e7erisinde \u00fcretime al\u0131n\u0131r. Dolay\u0131s\u0131 ile iptal etmek veya de\u011fi\u015fiklik yapt\u0131rmak istedi\u011finiz sipari\u015flerinizin en ge\u00e7 1 saat i\u00e7erisinde taraf\u0131m\u0131za telefon veya e-mail yolu ile bildirilmesi gerekmektedir. Aksi taktirde iade ve de\u011fi\u015fiklik s\u00f6z konusu de\u011fildir. Yanl\u0131\u015f \u00f6l\u00e7\u00fc ve hatal\u0131 sipari\u015f durumunda iade kabul edilmez. Ancak sat\u0131n al\u0131nan \u00fcr\u00fcn\u00fcn ay\u0131pl\u0131 \/ kusurlu \u00fcr\u00fcn kapsam\u0131nda ise iadesi al\u0131nacakt\u0131r.<\/p>\n\n\n\n<p>\u0130\u015fbu s\u00f6zle\u015fmenin uygulanmas\u0131nda, Sanayi ve Ticaret Bakanl\u0131\u011f\u0131nca ilan edilen de\u011fere kadar T\u00fcketici Hakem Heyetleri ile SATICI n\u0131n yerle\u015fim yerindeki T\u00fcketici Mahkemeleri yetkilidir.&nbsp;<\/p>\n\n\n\n<p>Sipari\u015fin sonu\u00e7lanmas\u0131 durumunda ALICI i\u015fbu s\u00f6zle\u015fmenin t\u00fcm ko\u015fullar\u0131n\u0131 kabul etmi\u015f say\u0131lacakt\u0131r.&nbsp;<\/p>\n","protected":false},"excerpt":{"rendered":"<p>Mesafeli Sat\u0131\u015f S\u00f6zle\u015fmesi \u0130\u015fbu s\u00f6zle\u015fme 13.06.2003 tarih ve 25137 say\u0131l\u0131 Resm\u00ee Gazetede yay\u0131nlanan Mesafeli S\u00f6zle\u015fmeler Uygulama Usul ve Esaslar\u0131 Hakk\u0131nda Y\u00f6netmelik gere\u011fi internet \u00fczerinden ger\u00e7ekle\u015ftiren sat\u0131\u015flar i\u00e7in s\u00f6zle\u015fme yap\u0131lmas\u0131 zorunlulu\u011funa istinaden d\u00fczenlenmi\u015f olup, maddeler halinde a\u015fa\u011f\u0131daki gibidir. MADDE 1- KONU \u0130\u015fbu s\u00f6zle\u015fmenin konusu, SATICI n\u0131n, ALICI ya sat\u0131\u015f\u0131n\u0131 yapt\u0131\u011f\u0131, a\u015fa\u011f\u0131da nitelikleri ve sat\u0131\u015f fiyat\u0131 belirtilen &hellip; <a href=\"https:\/\/lemienjewelry.com\/?page_id=4092\" class=\"more-link\">Continue reading <span class=\"screen-reader-text\">Mesafeli Sat\u0131\u015f S\u00f6zle\u015fmesi<\/span><\/a><\/p>\n","protected":false},"author":1,"featured_media":0,"parent":0,"menu_order":0,"comment_status":"closed","ping_status":"closed","template":"","meta":{"footnotes":""},"class_list":["post-4092","page","type-page","status-publish","hentry"],"_links":{"self":[{"href":"https:\/\/lemienjewelry.com\/index.php?rest_route=\/wp\/v2\/pages\/4092","targetHints":{"allow":["GET"]}}],"collection":[{"href":"https:\/\/lemienjewelry.com\/index.php?rest_route=\/wp\/v2\/pages"}],"about":[{"href":"https:\/\/lemienjewelry.com\/index.php?rest_route=\/wp\/v2\/types\/page"}],"author":[{"embeddable":true,"href":"https:\/\/lemienjewelry.com\/index.php?rest_route=\/wp\/v2\/users\/1"}],"replies":[{"embeddable":true,"href":"https:\/\/lemienjewelry.com\/index.php?rest_route=%2Fwp%2Fv2%2Fcomments&post=4092"}],"version-history":[{"count":1,"href":"https:\/\/lemienjewelry.com\/index.php?rest_route=\/wp\/v2\/pages\/4092\/revisions"}],"predecessor-version":[{"id":4093,"href":"https:\/\/lemienjewelry.com\/index.php?rest_route=\/wp\/v2\/pages\/4092\/revisions\/4093"}],"wp:attachment":[{"href":"https:\/\/lemienjewelry.com\/index.php?rest_route=%2Fwp%2Fv2%2Fmedia&parent=4092"}],"curies":[{"name":"wp","href":"https:\/\/api.w.org\/{rel}","templated":true}]}}