{"id":3,"date":"2024-11-26T12:36:21","date_gmt":"2024-11-26T09:36:21","guid":{"rendered":"https:\/\/lemienjewelry.com\/?page_id=3"},"modified":"2024-11-26T19:16:35","modified_gmt":"2024-11-26T16:16:35","slug":"gizlilik-ilkesi","status":"publish","type":"page","link":"https:\/\/lemienjewelry.com\/?page_id=3","title":{"rendered":"Gizlilik Politikas\u0131"},"content":{"rendered":"\n<p><strong>G\u0130ZL\u0130L\u0130K &amp; G\u00dcVENL\u0130K<\/strong><\/p>\n\n\n\n<p>T\u00fcrkiye\u2019nin sevilen online aksesuar sitesi lemienjewelry olarak bize olan g\u00fcveninizin de\u011ferini biliyoruz; bu nedenle ki\u015fisel bilgilerinizi yetkisiz ki\u015filerin eri\u015fiminden\u00a0korumak i\u00e7in en \u00fcst d\u00fczeyde \u00f6zen g\u00f6stermekte ve en y\u00fcksek g\u00fcvenlik standartlar\u0131n\u0131 kullanmaktay\u0131z.\u00a0Bir sipari\u015f\u00a0s\u0131ras\u0131nda veya sundu\u011fumuz di\u011fer hizmetler \u00e7er\u00e7evesinde verdi\u011finiz ki\u015fisel bilgiler teknik g\u00fcvenlik sistemleri ve\u00a0ek yetkilendirme i\u015flemleri ile korunur. Bu durum, bilgilerinizin hem aktar\u0131m\u0131 hem de sunucular\u0131m\u0131z \u00fczerinde kay\u0131t\u00a0edilmesi esnas\u0131nda ge\u00e7erlidir.\u00a0\u0130nternet ma\u011fazam\u0131z \u00fczerinde farkl\u0131 noktalarda isim, adres, e-posta adresi, vb. ki\u015fisel bilgilerinizi topluyor ve bunlar\u0131\u00a0i\u015fliyoruz. A\u015fa\u011f\u0131da bize verdi\u011finiz bilgilerle ne i\u015flemler yap\u0131ld\u0131\u011f\u0131na dair detayl\u0131 bilgileri bulabilirsiniz.\u00a0<\/p>\n\n\n\n<p><br><br><strong>VER\u0130 TOPLAMA<\/strong><\/p>\n\n\n\n<ul class=\"wp-block-list\">\n<li>Internet ma\u011fazam\u0131za \u00fcye olurken veya al\u0131\u015fveri\u015f yaparken kulland\u0131\u011f\u0131n\u0131z ki\u015fisel bilgileriniz hi\u00e7bir \u015fekilde sat\u0131lmamakta\u00a0veya ba\u015fka kurum ve kurulu\u015flarla kesinlikle payla\u015f\u0131lmamaktad\u0131r.<\/li>\n<\/ul>\n\n\n\n<ul class=\"wp-block-list\">\n<li>Ki\u015fisel bilgilerinizi, sipari\u015flerinizin yerine getirilmesi,\u00a0bireysel m\u00fc\u015fteri giri\u015fi i\u00e7in kay\u0131t i\u015flemi, haber e-b\u00fcltenimiz ve hizmet taleplerinizin\u00a0i\u015fleme al\u0131nmas\u0131 ama\u00e7lar\u0131 i\u00e7in kullanmaktay\u0131z.<\/li>\n<\/ul>\n\n\n\n<ul class=\"wp-block-list\">\n<li>Ayr\u0131ca size sundu\u011fumuz hizmeti s\u00fcrekli daha iyi hale getirebilmek i\u00e7in ki\u015fisel\u00a0bilgi \u00f6zelli\u011fi ta\u015f\u0131mayan ba\u015fka veriler de kaydediyoruz.\u00a0<br><br>Sunucu g\u00fcnl\u00fc\u011f\u00fc dosyalar\u0131m\u0131zda taray\u0131c\u0131n\u0131z\u0131n otomatik olarak bize aktard\u0131\u011f\u0131 bilgileri de sakl\u0131yoruz.<\/li>\n<\/ul>\n\n\n\n<p>Bunlar:&nbsp;<br><br>\u2022 taray\u0131c\u0131 t\u00fcr\u00fc\/s\u00fcr\u00fcm\u00fc&nbsp;<br>\u2022 kullan\u0131lan i\u015fletim sistemi&nbsp;<br>\u2022 referrer URL (ziyaret edilen bir \u00f6nceki sayfa)<br>\u2022 eri\u015fimi yapan bilgisayara ait hostname (IP adresi)<br>\u2022 sunucu sorgusunun saati&nbsp;<br><br>Bu veriler ki\u015fiyle ili\u015fkilendirilerek saklanmaz. Ayn\u0131 zamanda bu veriler ba\u015fka veri kaynaklar\u0131yla da birle\u015ftirilmez.&nbsp;IP adresiniz ziyaretinizin ard\u0131ndan hemen silinir.&nbsp;<br><strong><u><\/u><br><br>S\u0130PAR\u0130\u015eLERDE VE D\u0130\u011eER H\u0130ZMET TALEPLER\u0130NDE B\u0130LG\u0130LER\u0130N\u0130Z\u0130N KULLANILMASI<\/strong><\/p>\n\n\n\n<ul class=\"wp-block-list\">\n<li>Sitemize \u00fcye olurken vermi\u015f oldu\u011funuz ki\u015fisel bilgilerinizin gizlili\u011fi bizler i\u00e7in her \u015feyden daha \u00f6nemlidir. Al\u0131\u015fveri\u015f\u00a0yaparken kulland\u0131\u011f\u0131n\u0131z ki\u015fisel bilgiler (teslimat\/fatura adresleri, telefon numaralar\u0131, vs.) ba\u015fka kurum ve kurulu\u015flarla\u00a0kesinlikle payla\u015f\u0131lmayacakt\u0131r.\u00a0<\/li>\n<\/ul>\n\n\n\n<ul class=\"wp-block-list\">\n<li>H\u0131zl\u0131 ve kolay sipari\u015f verebilmeniz, de\u011ferli zaman\u0131n\u0131z\u0131 ayn\u0131 bilgileri tekrar tekrar girmek zorunda kalarak harcamaman\u0131z\u00a0d\u00fc\u015f\u00fcn\u00fclerek bir tak\u0131m bilgiler sizin onay\u0131n\u0131z do\u011frultusunda, size ait \u00fcyelik hesab\u0131n\u0131zda saklanmaktad\u0131r. Bu bilgiler sadece\u00a0vermi\u015f oldu\u011funuz sipari\u015flerinizle ilgili haberlerin size daha h\u0131zl\u0131 ve g\u00fcvenli bir \u015fekilde ula\u015fmas\u0131n\u0131 sa\u011flamak i\u00e7in\u00a0kullan\u0131lacakt\u0131r.<\/li>\n<\/ul>\n\n\n\n<ul class=\"wp-block-list\">\n<li>Internet sitemiz \u00fczerinde ki\u015fisel bilgilerinizi girmenizin gerekli oldu\u011fu durumlarda sizden hangi bilgileri bizimle payla\u015fmak\u00a0istedi\u011finizi kontrol etmenizi rica ederiz. Doldurulmas\u0131 zorunlu alan olarak belirtilen alanlar talebinize almak ve i\u015fleme almak\u00a0i\u00e7in ihtiya\u00e7 duydu\u011fumuz minimum kriterlerdir. Ayr\u0131ca toplanan bilgiler iste\u011fe ba\u011fl\u0131 toplan\u0131r ve sundu\u011fumuz hizmetleri en iyi\u00a0hale getirmek ve baz\u0131 durumlarda istatistiksel ama\u00e7lar i\u00e7in kullan\u0131lmaktad\u0131r.<\/li>\n<\/ul>\n\n\n\n<p><br><strong>B\u0130LG\u0130LER\u0130N\u0130Z\u0130N KAMPANYA DUYURUSU \/ HABER E-B\u00dcLTEN\u0130 \u0130\u00c7\u0130N KULLANILMASI<\/strong><\/p>\n\n\n\n<ul class=\"wp-block-list\">\n<li>M\u00fc\u015fterilerimize ait bilgileri yasal h\u00fck\u00fcmlere uygun \u015fekilde kendi kampanya, promosyon duyurular\u0131m\u0131z\u0131\u00a0bildirmek amac\u0131yla kullan\u0131yoruz.\u00a0Bu hususta \u00f6zellikle de sundu\u011fumuz \u00fcr\u00fcn ve hizmetlerin ihtiya\u00e7lar\u0131n\u0131za y\u00f6nelik\u00a0olmas\u0131na \u00f6nem veriyoruz. Bilgilerin kendi kampanya ve promosyonlar\u0131m\u0131z\u0131 duyurma ama\u00e7l\u0131 kullan\u0131lmas\u0131 bazen posta\u00a0yoluyla da tan\u0131t\u0131m malzemeleri g\u00f6nderilmesini i\u00e7ermektedir.<\/li>\n<\/ul>\n\n\n\n<ul class=\"wp-block-list\">\n<li>Her zaman a\u015fa\u011f\u0131da belirtilen adrese k\u0131sa bir yaz\u0131l\u0131\u00a0bildirim yaparak bilgilerinizin bu \u015fekilde kullan\u0131lmas\u0131na itiraz edebilirsiniz.\u00a0<\/li>\n<\/ul>\n\n\n\n<ul class=\"wp-block-list\">\n<li>Haber e-b\u00fcltenimizle\u00a0d\u00fczenli olarak e-posta veya posta yoluyla s\u00fcrekli de\u011fi\u015fen temal\u0131\u00a0<br>\u00fcr\u00fcnlerimiz, indirim kampanyalar\u0131m\u0131z, \u00f6zel promosyonlar\u0131m\u0131z hakk\u0131nda bilgi sahibi olabilirsiniz. Bu hizmetimizden\u00a0faydalanmak i\u00e7in hizmeti\u00a0kabul etti\u011finizi a\u00e7\u0131k bir \u015fekilde bize beyan etmeniz gerekmektedir.\u00a0<\/li>\n<\/ul>\n\n\n\n<ul class=\"wp-block-list\">\n<li>Diledi\u011finiz zaman\u00a0adres bilgilerinizin veya e-posta adresinizin, e-posta haber g\u00f6nderilmesi amac\u0131yla kullan\u0131lmas\u0131na verdi\u011finiz onay\u0131 geri alabilirsiniz. Le Mien e-b\u00fclteni aboneli\u011finden \u00e7\u0131kmak\u00a0i\u00e7in g\u00f6nderilen her e-b\u00fclteninin sonunda yer alan kay\u0131t sonland\u0131rma linkini kullanabilirsiniz. Buna alternatif olarak kay\u0131tl\u0131\u00a0kullan\u0131c\u0131lar www.lemienjewelry.com<strong> <\/strong>adresinde \u201cHesab\u0131m\u201d ba\u015fl\u0131\u011f\u0131 alt\u0131ndan da e-b\u00fclten aboneliklerini iptal edebilirler.\u00a0<\/li>\n<\/ul>\n\n\n\n<p><br><strong>VER\u0130LER\u0130N \u0130LET\u0130LMES\u0130<\/strong><\/p>\n\n\n\n<ul class=\"wp-block-list\">\n<li>Le Mien, ki\u015fisel bilgileri kesinlikle \u00f6zel ve gizli tutmay\u0131; bunu bir s\u0131r saklama y\u00fck\u00fcml\u00fcl\u00fc\u011f\u00fc olarak addetmeyi ve gizlili\u011fin\u00a0sa\u011flanmas\u0131 ve s\u00fcrd\u00fcr\u00fclmesi, gizli bilginin tamam\u0131n\u0131n veya herhangi bir k\u0131sm\u0131n\u0131n kamu alan\u0131na girmesini veya yetkisiz\u00a0kullan\u0131m\u0131n\u0131 veya \u00fc\u00e7\u00fcnc\u00fc bir ki\u015fiye if\u015fas\u0131n\u0131 \u00f6nlemek i\u00e7in gerekli t\u00fcm tedbirleri almay\u0131 ve gerekli \u00f6zeni g\u00f6stermeyi taahh\u00fct\u00a0etmektedir.<\/li>\n<\/ul>\n\n\n\n<ul class=\"wp-block-list\">\n<li>Gerekli bilgi g\u00fcvenli\u011fi \u00f6nlemlerinin al\u0131nmas\u0131na kar\u015f\u0131n, Site&#8217;ye ve sisteme yap\u0131lan sald\u0131r\u0131lar sonucunda gizli\u00a0bilgilerin zarar g\u00f6rmesi veya \u00fc\u00e7\u00fcnc\u00fc ki\u015filerin eline ge\u00e7mesi durumunda, Axesua&#8217;n\u0131n herhangi bir sorumlulu\u011fu olmayacakt\u0131r.\u00a0<\/li>\n<\/ul>\n\n\n\n<p><br><strong>TEKN\u0130K STANDARTLARIMIZ<\/strong><\/p>\n\n\n\n<ul class=\"wp-block-list\">\n<li>Veri aktar\u0131m\u0131nda 256 bit \u015fifreleme ile birlikte SSL g\u00fcvenlik protokol\u00fc (Secure Socket Layer) olarak adland\u0131r\u0131lan y\u00f6ntem\u00a0kullan\u0131lmaktad\u0131r. Bu teknoloji en \u00fcst d\u00fczeyde g\u00fcvenlik sa\u011flamakta ve \u00f6rne\u011fin veri g\u00fcvenli\u011fi i\u00e7in bankalar taraf\u0131ndan\u00a0kullan\u0131lmaktad\u0131r. Veri aktar\u0131m\u0131n\u0131n \u015fifrelenmi\u015f oldu\u011funu taray\u0131c\u0131n\u0131z\u0131n alt durum \u00e7ubu\u011fundaki kapal\u0131 bir anahtar veya kilit\u00a0sembol\u00fcnden anlayabilirsiniz.\u00a0<\/li>\n<\/ul>\n\n\n\n<p><br><strong>\u00d6DEME \u0130\u015eLEMLER\u0130NDE G\u00dcVENL\u0130K<\/strong><\/p>\n\n\n\n<ul class=\"wp-block-list\">\n<li>Al\u0131\u015fveri\u015f sepetinizi onaylad\u0131ktan sonraki t\u00fcm i\u015flemler sizin bilgisayar\u0131n\u0131z ve birlikte \u00e7al\u0131\u015fmakta oldu\u011fumuz banka\u00a0aras\u0131nda 256-bit \u015fifrelenmi\u015f elektronik ortamda ger\u00e7ekle\u015fmektedir. Kredi kart\u0131 bilgileriniz, site y\u00f6neticileri dahil\u00a0herhangi bir \u00fc\u00e7\u00fcnc\u00fc \u015fah\u0131s taraf\u0131ndan g\u00f6r\u00fcnt\u00fclenemez. Girdi\u011finiz kredi kart\u0131 bilgileri sadece al\u0131\u015fveri\u015f esnas\u0131nda\u00a0kullan\u0131lmakta ve hi\u00e7bir \u015fekilde sitenin veri bankas\u0131nda tutulmamaktad\u0131r. Ki\u015fisel bilgilerinizin g\u00fcvenli\u011fi bizim i\u00e7in en\u00a0\u00f6nemli konulardan biridir.<\/li>\n<\/ul>\n\n\n\n<ul class=\"wp-block-list\">\n<li>Baz\u0131 durumlarda bankadan s\u00f6zl\u00fc olarak sipari\u015finizin teyidi istenebilir. Bu durumda bankan\u0131z\u00a0sizi bankada kay\u0131tl\u0131 bilgilerinizden ula\u015farak arayacak ve sipari\u015finiz ile ilgili teyit isteyecektir. Bankan\u0131z\u0131n size ula\u015fabilmesi\u00a0i\u00e7in bankan\u0131zda kay\u0131tl\u0131 bulunan ki\u015fisel bilgilerinizin g\u00fcncel oldu\u011fundan emin olunuz. G\u00fcvenlik kontrol\u00fc s\u0131ras\u0131nda telefon\u00a0numaran\u0131z\u0131n ula\u015f\u0131lmaz olmas\u0131ndan dolay\u0131 sipari\u015finiz iptal edilebilir. L\u00fctfen girdi\u011finiz telefon numaras\u0131n\u0131n do\u011fru oldu\u011fundan\u00a0emin olunuz, sipari\u015finiz ile ilgili her t\u00fcrl\u00fc bilgilendirme i\u00e7in sisteme girmi\u015f oldu\u011funuz numaralar ve e-posta adresiniz\u00a0kullan\u0131lacakt\u0131r.<\/li>\n<\/ul>\n\n\n\n<p><br><strong>\u00c7EREZLER (COOKIE)<\/strong><\/p>\n\n\n\n<ul class=\"wp-block-list\">\n<li>\u00c7erezler bilgisayar\u0131n\u0131zda dosyalanan ve taray\u0131c\u0131n\u0131z taraf\u0131ndan kaydedilen k\u00fc\u00e7\u00fck metin dosyalar\u0131d\u0131r. \u00c7erezler,\u00a0internet \u00fczerinden sundu\u011fumuz \u00fcr\u00fcn ve hizmetlerimizi ihtiya\u00e7lar\u0131n\u0131za en iyi \u015fekilde uyarlamam\u0131z\u0131 sa\u011flar.\u00a0<\/li>\n\n\n\n<li>Pek \u00e7ok yerde \u201coturum \u00e7erezleri\u201d kullanmaktay\u0131z. Bunlar ziyaretinizin sonunda otomatik olarak silinir ve \u00fcr\u00fcn\u00a0ve hizmet sunumumuzu daha ki\u015fiye \u00f6zel, daha etkin ve daha g\u00fcvenli bir hale getirmeye yarar. \u00c7erezlerimiz,\u00a0taray\u0131c\u0131n\u0131z\u0131n g\u00fcvenlik standartlar\u0131 yard\u0131m\u0131yla \u00fc\u00e7\u00fcnc\u00fc ki\u015filer taraf\u0131ndan okunmaya kar\u015f\u0131 korunur.\u00a0<\/li>\n<\/ul>\n\n\n\n<ul class=\"wp-block-list\">\n<li>Buna ek olarak bu web sayfas\u0131nda \u201ckal\u0131c\u0131 \u00e7erezler\u201d yard\u0131m\u0131yla takma bir ad kullan\u0131larak izinli pazarlama mesaj\u0131,\u00a0i\u00e7erik \u00fcretimi ve optimizasyon amac\u0131yla veri toplan\u0131r. Bu veriler, her bir m\u00fc\u015fteri grubu i\u00e7in \u00f6zel ihtiya\u00e7lar tan\u0131mlam\u0131za\u00a0yard\u0131mc\u0131 olur. Veriler, bu web sayfas\u0131n\u0131n kullan\u0131c\u0131s\u0131n\u0131 ki\u015fisel olarak tespit etmek i\u00e7in kullan\u0131lmaz ve takma ad\u0131n ta\u015f\u0131y\u0131c\u0131s\u0131\u00a0hakk\u0131ndaki verilerle birle\u015ftirilmez.\u00a0<\/li>\n<\/ul>\n\n\n\n<ul class=\"wp-block-list\">\n<li>Al\u0131\u015fveri\u015f sepetinize \u00fcr\u00fcn ekledikten sonra lemienjewelry.com\u2019dan \u00e7\u0131k\u0131\u015f yap\u0131p tekrar siteye giri\u015f yapt\u0131\u011f\u0131n\u0131zda, kal\u0131c\u0131 \u00e7erezler sayesinde \u00fcr\u00fcnleri al\u0131\u015fveri\u015f sepetinde bulabilirsiniz.<\/li>\n<\/ul>\n\n\n\n<p><strong><u><\/u><\/strong><br><strong>TAK\u0130P P\u0130KSELLER\u0130N\u0130N KULLANILMASI<\/strong><\/p>\n\n\n\n<p><strong><\/strong><br>Online olarak sundu\u011fumuz i\u00e7eri\u011fin ne kadar ilgi \u00e7ekici oldu\u011funa dair bilgiler bizim i\u00e7in her zaman \u00e7ok \u00f6nemlidir ve&nbsp;internet sayfam\u0131z\u0131 s\u00fcrekli olarak geli\u015ftirmemize yard\u0131mc\u0131 olmaktad\u0131r. Bu nedenle sayfalar\u0131m\u0131za \u201ctakip pikselleri\u201d olarak&nbsp;adland\u0131r\u0131lan k\u00fc\u00e7\u00fck grafikler yerle\u015ftirmekteyiz. Bir sayfa a\u00e7\u0131ld\u0131\u011f\u0131nda, takip pikseli internetteki bir sunucudan y\u00fcklenir ve&nbsp;kaydedilir. Bu \u015fekilde hangi internet sayfalar\u0131n\u0131n m\u00fc\u015fterilerimiz taraf\u0131ndan ne s\u0131kl\u0131kla ve hangi b\u00f6lgeden ziyaret edildi\u011fini&nbsp;ve hangi i\u015flemlerin ger\u00e7ekle\u015ftirildi\u011fini g\u00f6rebilmekteyiz. IP adresiniz ilgili ba\u011flant\u0131 \u00fczerindeki kimli\u011finin belirlenmesini&nbsp;m\u00fcmk\u00fcn k\u0131lmayacak \u015fekilde, bu konuda yetkili veri g\u00fcvenli\u011fi kurumlarla kararla\u015ft\u0131r\u0131lm\u0131\u015f bir y\u00f6ntemle, sadece k\u0131saltma&nbsp;olarak saklan\u0131r. Bu nedenle ziyaret\u00e7inin kimli\u011fi anonim kal\u0131r.&nbsp;<br><br><strong><u><br><br>Yetkilendirme, ki\u015fisel bilgilerin de\u011fi\u015ftirilmesi ve silinmesi<\/u><\/strong><\/p>\n\n\n\n<p><strong><u><\/u><\/strong><br>Verdi\u011finiz bilgileri her zaman \u2013 e-posta adresiniz ve \u015firfenizi kullanarak \u2013 &#8220;Hesab\u0131m&#8221; men\u00fcs\u00fcnde g\u00f6rebilir, de\u011fi\u015ftirebilir&nbsp;ve silebilirsiniz. \u015eifrenizi unutman\u0131z halinde, &#8220;Hesab\u0131m\u201c men\u00fcs\u00fcnde alt\u0131nda yer alan \u201c\u00dcye Giri\u015fi\u201d b\u00f6l\u00fcm\u00fcndeki &#8220;\u015eifremi&nbsp;unuttum&#8221; linkini kullanabilirsiniz. \u00dcyelik hesab\u0131n\u0131z\u0131 olu\u015ftururken kullanm\u0131\u015f oldu\u011funuz e-posta adresinize bir yedek \u015fifre&nbsp;yollanacakt\u0131r.&nbsp;<br><br>L\u00fctfen unutmay\u0131n: \u015eifrenizi ba\u015fka ki\u015filere vermemeli, kullan\u0131mdan sonra ki\u015fisel hesab\u0131n\u0131zdan \u00e7\u0131k\u0131\u015f yapmal\u0131 ve sipari\u015f&nbsp;i\u015flemi s\u0131ras\u0131nda SSL \u015fifrelemeyi mutlaka kullanmal\u0131s\u0131n\u0131z.&nbsp;<br><br><br><strong><u>Bilgi edinme ve itiraz hakk\u0131<\/u><\/strong><\/p>\n\n\n\n<p><br>G\u00fcveniniz bizim i\u00e7in \u00f6nemlidir. Bu nedenle her zaman, veritaban\u0131m\u0131zda sakl\u0131 olan ki\u015fisel bilgilerinize, bunlar\u0131n kayna\u011f\u0131na,\u00a0al\u0131c\u0131s\u0131na ve saklama amac\u0131na dair bilgi alma hakk\u0131na sahipsiniz. Ki\u015fisel verilerinize dair detayl\u0131 bilgi almak istemeniz\u00a0durumunda, l\u00fctfen yaz\u0131l\u0131 olarak magaza@lemienjewelry.com adresinden bize ula\u015fabilirsiniz.\u00a0<\/p>\n\n\n\n<p><strong><u>Adres<\/u><\/strong><\/p>\n\n\n\n<p><a href=\"https:\/\/www.google.com\/maps\/place\/\/data=!4m2!3m1!1s0x14ca154b7aa69479:0x40cf7cf0d5e63c9b?sa=X&amp;ved=1t:8290&amp;ictx=111\">G\u00fcne\u015ftepe, Fatih caddesi Aldemir sokak No:6, 16130 Osmangazi\u0307\/Bursa<\/a><\/p>\n\n\n\n<p>\u0130leti\u015fim Mail: magaza@lemienjewelry.com<\/p>\n\n\n\n<p><\/p>\n","protected":false},"excerpt":{"rendered":"<p>G\u0130ZL\u0130L\u0130K &amp; G\u00dcVENL\u0130K T\u00fcrkiye\u2019nin sevilen online aksesuar sitesi lemienjewelry olarak bize olan g\u00fcveninizin de\u011ferini biliyoruz; bu nedenle ki\u015fisel bilgilerinizi yetkisiz ki\u015filerin eri\u015fiminden\u00a0korumak i\u00e7in en \u00fcst d\u00fczeyde \u00f6zen g\u00f6stermekte ve en y\u00fcksek g\u00fcvenlik standartlar\u0131n\u0131 kullanmaktay\u0131z.\u00a0Bir sipari\u015f\u00a0s\u0131ras\u0131nda veya sundu\u011fumuz di\u011fer hizmetler \u00e7er\u00e7evesinde verdi\u011finiz ki\u015fisel bilgiler teknik g\u00fcvenlik sistemleri ve\u00a0ek yetkilendirme i\u015flemleri ile korunur. Bu durum, bilgilerinizin hem &hellip; <a href=\"https:\/\/lemienjewelry.com\/?page_id=3\" class=\"more-link\">Continue reading <span class=\"screen-reader-text\">Gizlilik Politikas\u0131<\/span><\/a><\/p>\n","protected":false},"author":1,"featured_media":0,"parent":0,"menu_order":0,"comment_status":"closed","ping_status":"open","template":"","meta":{"footnotes":""},"class_list":["post-3","page","type-page","status-publish","hentry"],"_links":{"self":[{"href":"https:\/\/lemienjewelry.com\/index.php?rest_route=\/wp\/v2\/pages\/3","targetHints":{"allow":["GET"]}}],"collection":[{"href":"https:\/\/lemienjewelry.com\/index.php?rest_route=\/wp\/v2\/pages"}],"about":[{"href":"https:\/\/lemienjewelry.com\/index.php?rest_route=\/wp\/v2\/types\/page"}],"author":[{"embeddable":true,"href":"https:\/\/lemienjewelry.com\/index.php?rest_route=\/wp\/v2\/users\/1"}],"replies":[{"embeddable":true,"href":"https:\/\/lemienjewelry.com\/index.php?rest_route=%2Fwp%2Fv2%2Fcomments&post=3"}],"version-history":[{"count":1,"href":"https:\/\/lemienjewelry.com\/index.php?rest_route=\/wp\/v2\/pages\/3\/revisions"}],"predecessor-version":[{"id":4091,"href":"https:\/\/lemienjewelry.com\/index.php?rest_route=\/wp\/v2\/pages\/3\/revisions\/4091"}],"wp:attachment":[{"href":"https:\/\/lemienjewelry.com\/index.php?rest_route=%2Fwp%2Fv2%2Fmedia&parent=3"}],"curies":[{"name":"wp","href":"https:\/\/api.w.org\/{rel}","templated":true}]}}