{"id":12,"date":"2024-11-26T19:10:24","date_gmt":"2024-11-26T16:10:24","guid":{"rendered":"https:\/\/lemienjewelry.com\/?page_id=12"},"modified":"2024-11-26T19:10:26","modified_gmt":"2024-11-26T16:10:26","slug":"refund_returns","status":"publish","type":"page","link":"https:\/\/lemienjewelry.com\/?page_id=12","title":{"rendered":"Geri \u00d6deme ve \u0130ade Politikas\u0131"},"content":{"rendered":"\n<p><strong>\u0130ADE KO\u015eULLARI<\/strong><\/p>\n\n\n\n<ul class=\"wp-block-list\">\n<li>T\u00fcm tak\u0131lar\u0131m\u0131z\u0131 %100 g\u00f6z kontrol\u00fc ile \u00f6zenle kontrol etmekteyiz. Ta\u015f\u0131 d\u00fc\u015fen, kaplama hatas\u0131 olan ya da takma yeri (klipsi) ar\u0131zal\u0131 \u00fcr\u00fcnleri ay\u0131r\u0131yor sizlere asla g\u00f6ndermiyoruz.\u00a0 Fabrikasyon hata ve g\u00f6zden ka\u00e7an ar\u0131zalar durumlar\u0131nda iade talebi olu\u015fturabilirsiniz.<\/li>\n<\/ul>\n\n\n\n<ul class=\"wp-block-list\">\n<li>Kan yoluyla bir\u00e7ok hastal\u0131\u011f\u0131 ta\u015f\u0131yabilmesi nedeniyle sa\u011fl\u0131k a\u00e7\u0131s\u0131ndan\u00a0<strong>K\u00fcpe<\/strong>\u00a0\u00fcr\u00fcn grubunda Ma\u011fazalar\u0131m\u0131zda ve web sitemizde iade de\u011fi\u015fim yap\u0131lmamaktad\u0131r.<\/li>\n<\/ul>\n\n\n\n<ul class=\"wp-block-list\">\n<li>Yurti\u00e7i Kargo ile iadeleri geri almaktay\u0131z. \u00dcr\u00fcnlerle ya\u015fad\u0131\u011f\u0131n\u0131z her t\u00fcrl\u00fc soru ve sorun i\u00e7in Whatsapp Destek Hatt\u0131m\u0131zla ileti\u015fime ge\u00e7ebilirsiniz.<\/li>\n<\/ul>\n","protected":false},"excerpt":{"rendered":"<p>\u0130ADE KO\u015eULLARI<\/p>\n","protected":false},"author":1,"featured_media":0,"parent":0,"menu_order":0,"comment_status":"closed","ping_status":"closed","template":"","meta":{"footnotes":""},"class_list":["post-12","page","type-page","status-publish","hentry"],"_links":{"self":[{"href":"https:\/\/lemienjewelry.com\/index.php?rest_route=\/wp\/v2\/pages\/12","targetHints":{"allow":["GET"]}}],"collection":[{"href":"https:\/\/lemienjewelry.com\/index.php?rest_route=\/wp\/v2\/pages"}],"about":[{"href":"https:\/\/lemienjewelry.com\/index.php?rest_route=\/wp\/v2\/types\/page"}],"author":[{"embeddable":true,"href":"https:\/\/lemienjewelry.com\/index.php?rest_route=\/wp\/v2\/users\/1"}],"replies":[{"embeddable":true,"href":"https:\/\/lemienjewelry.com\/index.php?rest_route=%2Fwp%2Fv2%2Fcomments&post=12"}],"version-history":[{"count":1,"href":"https:\/\/lemienjewelry.com\/index.php?rest_route=\/wp\/v2\/pages\/12\/revisions"}],"predecessor-version":[{"id":4090,"href":"https:\/\/lemienjewelry.com\/index.php?rest_route=\/wp\/v2\/pages\/12\/revisions\/4090"}],"wp:attachment":[{"href":"https:\/\/lemienjewelry.com\/index.php?rest_route=%2Fwp%2Fv2%2Fmedia&parent=12"}],"curies":[{"name":"wp","href":"https:\/\/api.w.org\/{rel}","templated":true}]}}